{"id":4499,"date":"2024-06-30T22:37:17","date_gmt":"2024-06-30T22:37:17","guid":{"rendered":"https:\/\/albanitaly.al\/?page_id=4499"},"modified":"2024-07-27T21:39:23","modified_gmt":"2024-07-27T21:39:23","slug":"mazzei-globale","status":"publish","type":"page","link":"https:\/\/albanitaly.al\/sq\/mazzei-global\/","title":{"rendered":"MAZZEI GLOBAL"},"content":{"rendered":"<div data-elementor-type=\"wp-page\" data-elementor-id=\"4499\" class=\"elementor elementor-4499\">\n\t\t\t\t\t\t<section class=\"elementor-section elementor-top-section elementor-element elementor-element-4e85c4d7 elementor-section-boxed elementor-section-height-default elementor-section-height-default\" data-id=\"4e85c4d7\" data-element_type=\"section\" data-e-type=\"section\">\n\t\t\t\t\t\t<div class=\"elementor-container elementor-column-gap-default\">\n\t\t\t\t\t<div class=\"elementor-column elementor-col-100 elementor-top-column elementor-element elementor-element-61616407\" data-id=\"61616407\" data-element_type=\"column\" data-e-type=\"column\">\n\t\t\t<div class=\"elementor-widget-wrap elementor-element-populated\">\n\t\t\t\t\t\t<div class=\"elementor-element elementor-element-76af59a6 elementor-widget__width-initial elementor-widget elementor-widget-text-editor\" data-id=\"76af59a6\" data-element_type=\"widget\" data-e-type=\"widget\" data-widget_type=\"text-editor.default\">\n\t\t\t\t<div class=\"elementor-widget-container\">\n\t\t\t\t\t\t\t\t\t<p><\/p>\n<p><\/p>\n<p><b>Mazzei Global <\/b>\u00ebsht\u00eb nj\u00eb kompani e themeluar dhe n\u00eb pron\u00ebsi t\u00eb <b>Giuseppe Mazzei<\/b>. Ajo \u00ebsht\u00eb e vendosur n\u00eb Tiran\u00eb, Shqip\u00ebri dhe kryen aktivitetet e m\u00ebposhtme:<\/p>\n<p><\/p>\n<p>komunikimi, marketingu, konsulenca, kontraktimi i jasht\u00ebm, teknologjia e informacionit, marr\u00ebdh\u00ebniet institucionale dhe nd\u00ebrkomb\u00ebtare, inteligjenca politike, mbrojtja, botimi, nd\u00ebrmjet\u00ebsimi dhe zhvillimi tregtar n\u00eb interes t\u00eb individ\u00ebve privat\u00eb, organeve, shoqatave, profesionist\u00ebve, institucioneve publike, institucioneve akademike dhe arsimore, shteteve, organizata nd\u00ebrkomb\u00ebtare, organizata joqeveritare, kompani, shoqata biznesi, shoqata tregtare&nbsp;<\/p>\n<p><\/p>\n<p>N\u00eb ve\u00e7anti, kompania promovon, rrit dhe intensifikon marr\u00ebdh\u00ebniet midis Shqip\u00ebris\u00eb dhe Italis\u00eb n\u00eb fush\u00ebn institucionale, kulturore, ekonomike, tregtare dhe sociale, si pjes\u00eb e nj\u00eb bashk\u00ebpunimi edhe me vendet e zon\u00ebs s\u00eb Ballkanit.<\/p>\n<p><\/p>\n<p>N\u00eb k\u00ebt\u00eb kuad\u00ebr, kompania kujdeset p\u00ebr marr\u00ebdh\u00ebniet nd\u00ebrmjet institucioneve italiane, atyre shqiptare dhe atyre t\u00eb vendeve t\u00eb zon\u00ebs ballkanike n\u00eb \u00e7do nivel, duke garantuar transparenc\u00ebn e marr\u00ebdh\u00ebnieve midis dy shteteve dhe respektimin e rregulloreve p\u00ebrkat\u00ebse, me nj\u00eb pik\u00ebpamje p\u00ebr nj\u00eb vizion t\u00eb p\u00ebrbashk\u00ebt evropian dhe bashk\u00ebpunim me organizatat kryesore nd\u00ebrkomb\u00ebtare.<\/p>\n<p><\/p>\n<p><b>Mazzei GlobAl <\/b>zhvillon dhe mb\u00ebshtet nisma p\u00ebr t&#039;i b\u00ebr\u00eb gjithnj\u00eb e m\u00eb solide marr\u00ebdh\u00ebniet kulturore midis Italis\u00eb, Shqip\u00ebris\u00eb dhe vendeve t\u00eb zon\u00ebs s\u00eb Ballkanit, edhe n\u00ebp\u00ebrmjet botimit t\u00eb librave, produkteve multimediale dhe organizimit t\u00eb eventeve.<\/p>\n<p><\/p>\n<p>Ai mb\u00ebshtet kompanit\u00eb italiane, shqiptare dhe ballkanike n\u00eb zhvillimin e planeve t\u00eb investimeve dhe marketingut duke ofruar konsulenc\u00eb strategjike, tregtare, marketingu dhe komunikimi.<\/p>\n<p><\/p>\n<p>Kompania bashk\u00ebpunon me shoqata, p\u00ebrfshir\u00eb ato jofitimprur\u00ebse, t\u00eb Shqip\u00ebris\u00eb dhe Italis\u00eb, p\u00ebr nj\u00eb dialog t\u00eb frytsh\u00ebm mes dy popujve dhe p\u00ebr t\u00eb konceptuar e zhvilluar veprime p\u00ebr t\u00eb adresuar problemet kryesore sociale, p\u00ebrfshir\u00eb ato t\u00eb v\u00ebshtir\u00ebsive dhe emigracionit.<\/p>\n<p><\/p>\n<p>P\u00ebr realizimin e q\u00ebllimeve shoq\u00ebrore, <b>Mazzei<\/b> <b>GlobalAl<\/b> mund t\u00eb krijoj\u00eb dhe transmetoj\u00eb programe radio, televizioni dhe online edhe n\u00ebp\u00ebrmjet aktiviteteve n\u00eb rrjetet sociale.<\/p>\n<p><\/p>\n<p>&nbsp;Kompania mund t\u00eb redaktoj\u00eb gazeta dhe revista, portalet e internetit n\u00eb let\u00ebr dhe ato n\u00eb internet. Albanitaly.al \u00ebsht\u00eb aktualisht produkti editorial i kompanis\u00eb<\/p>\n<p><\/p>\n<p>Krahas k\u00ebtyre aktiviteteve, p\u00ebr realizimin e objektivave t\u00eb tij, Mazzei GlobAl ngre nj\u00eb qend\u00ebr studimore dhe k\u00ebrkimore t\u00eb quajtur <b>PIK\u00cbPAMJE STRATEGJIKE<\/b>&nbsp;<\/p>\n<p><\/p>\n<p>Kompania, p\u00ebrve\u00e7 kryerjes s\u00eb aktiviteteve t\u00eb p\u00ebrshkruara, mund t\u00eb pranoj\u00eb donacione dhe donacione nga persona, institucione dhe shoqata fizike dhe juridike.<\/p>\n<p><\/p>\n<p><\/p>\t\t\t\t\t\t\t\t<\/div>\n\t\t\t\t<\/div>\n\t\t\t\t<div class=\"elementor-element elementor-element-83f271b elementor-widget elementor-widget-image\" data-id=\"83f271b\" data-element_type=\"widget\" data-e-type=\"widget\" data-widget_type=\"image.default\">\n\t\t\t\t<div class=\"elementor-widget-container\">\n\t\t\t\t\t\t\t\t\t\t\t\t\t\t\t<img fetchpriority=\"high\" decoding=\"async\" width=\"1024\" height=\"1011\" src=\"https:\/\/albanitaly.al\/wp-content\/uploads\/2024\/07\/PHOTO-2024-07-23-15-11-07-2-1-1024x1011.jpg\" class=\"attachment-large size-large wp-image-5419\" alt=\"\" srcset=\"https:\/\/albanitaly.al\/wp-content\/uploads\/2024\/07\/PHOTO-2024-07-23-15-11-07-2-1-1024x1011.jpg 1024w, https:\/\/albanitaly.al\/wp-content\/uploads\/2024\/07\/PHOTO-2024-07-23-15-11-07-2-1-300x296.jpg 300w, https:\/\/albanitaly.al\/wp-content\/uploads\/2024\/07\/PHOTO-2024-07-23-15-11-07-2-1-768x758.jpg 768w, https:\/\/albanitaly.al\/wp-content\/uploads\/2024\/07\/PHOTO-2024-07-23-15-11-07-2-1-1536x1516.jpg 1536w, https:\/\/albanitaly.al\/wp-content\/uploads\/2024\/07\/PHOTO-2024-07-23-15-11-07-2-1-12x12.jpg 12w, https:\/\/albanitaly.al\/wp-content\/uploads\/2024\/07\/PHOTO-2024-07-23-15-11-07-2-1-600x592.jpg 600w, https:\/\/albanitaly.al\/wp-content\/uploads\/2024\/07\/PHOTO-2024-07-23-15-11-07-2-1-100x100.jpg 100w, https:\/\/albanitaly.al\/wp-content\/uploads\/2024\/07\/PHOTO-2024-07-23-15-11-07-2-1.jpg 1600w\" sizes=\"(max-width: 1024px) 100vw, 1024px\" \/>\t\t\t\t\t\t\t\t\t\t\t\t\t\t\t<\/div>\n\t\t\t\t<\/div>\n\t\t\t\t\t<\/div>\n\t\t<\/div>\n\t\t\t\t\t<\/div>\n\t\t<\/section>\n\t\t\t\t<section class=\"elementor-section elementor-top-section elementor-element elementor-element-b816ca8 elementor-section-boxed elementor-section-height-default elementor-section-height-default\" data-id=\"b816ca8\" data-element_type=\"section\" data-e-type=\"section\">\n\t\t\t\t\t\t<div class=\"elementor-container elementor-column-gap-default\">\n\t\t\t\t\t<div class=\"elementor-column elementor-col-100 elementor-top-column elementor-element elementor-element-d7b8056\" data-id=\"d7b8056\" data-element_type=\"column\" data-e-type=\"column\">\n\t\t\t<div class=\"elementor-widget-wrap\">\n\t\t\t\t\t\t\t<\/div>\n\t\t<\/div>\n\t\t\t\t\t<\/div>\n\t\t<\/section>\n\t\t\t\t<\/div>","protected":false},"excerpt":{"rendered":"<p>Mazzei Global \u00e8 una societ\u00e0 fondata e posseduta da Giuseppe Mazzei. Ha sede a Tirana in Albania e&nbsp; svolge le seguenti attivit\u00e0: comunicazione, marketing, consulenza, outsourcing, information technology, relazioni istituzionali e internazionali, political intelligence, difesa, editoria, intermediazione e sviluppo commerciale nell\u2019interesse di privati, enti, associazioni, professionisti, istituzioni pubbliche, istituzioni accademiche ed educative, stati, organizzazioni internazionali, [&hellip;]<\/p>\n","protected":false},"author":2,"featured_media":0,"parent":0,"menu_order":0,"comment_status":"closed","ping_status":"closed","template":"","meta":{"_seopress_robots_primary_cat":"","_seopress_titles_title":"","_seopress_titles_desc":"","_seopress_robots_index":"","iawp_total_views":242,"footnotes":""},"class_list":["post-4499","page","type-page","status-publish","hentry"],"_links":{"self":[{"href":"https:\/\/albanitaly.al\/sq\/wp-json\/wp\/v2\/pages\/4499","targetHints":{"allow":["GET"]}}],"collection":[{"href":"https:\/\/albanitaly.al\/sq\/wp-json\/wp\/v2\/pages"}],"about":[{"href":"https:\/\/albanitaly.al\/sq\/wp-json\/wp\/v2\/types\/page"}],"author":[{"embeddable":true,"href":"https:\/\/albanitaly.al\/sq\/wp-json\/wp\/v2\/users\/2"}],"replies":[{"embeddable":true,"href":"https:\/\/albanitaly.al\/sq\/wp-json\/wp\/v2\/comments?post=4499"}],"version-history":[{"count":13,"href":"https:\/\/albanitaly.al\/sq\/wp-json\/wp\/v2\/pages\/4499\/revisions"}],"predecessor-version":[{"id":5425,"href":"https:\/\/albanitaly.al\/sq\/wp-json\/wp\/v2\/pages\/4499\/revisions\/5425"}],"wp:attachment":[{"href":"https:\/\/albanitaly.al\/sq\/wp-json\/wp\/v2\/media?parent=4499"}],"curies":[{"name":"wp","href":"https:\/\/api.w.org\/{rel}","templated":true}]}}