{"id":5397,"date":"2024-07-27T21:11:24","date_gmt":"2024-07-27T21:11:24","guid":{"rendered":"https:\/\/albanitaly.al\/?page_id=5397"},"modified":"2024-09-10T13:00:02","modified_gmt":"2024-09-10T13:00:02","slug":"giuseppe-mazzei","status":"publish","type":"page","link":"https:\/\/albanitaly.al\/sq\/giuseppe-mazzei\/","title":{"rendered":"XHIUSEPPE MAZZEI"},"content":{"rendered":"<p>Giuseppe Mazzei \u00ebsht\u00eb pronar i <strong>Mazzei GlobAl<\/strong>. Ai \u00ebsht\u00eb redaktor dhe drejtor i <strong>Shqip\u00ebri<\/strong><\/p>\n\n\n\n<p>Ai ka lindur n\u00eb <strong>Rrethrrotullim<\/strong> , n\u00eb provinc\u00ebn e Matera, n\u00eb rajonin e Bazilikat\u00ebs. Ai jeton n\u00eb&nbsp; <strong>Durr\u00ebsi<\/strong><\/p>\n\n\n\n<p>Ai studioi <strong>Teologjia<\/strong> n\u00eb Universitetin Papnor Gregorian t\u00eb Rom\u00ebs dhe u diplomua n\u00eb <strong>Filozofia<\/strong> me nj\u00eb tez\u00eb mbi Karl Popper n\u00eb Universitetin e Rom\u00ebs-La Sapienza. N\u00eb t\u00eb nj\u00ebjtin universitet ai fitoi <strong>Ph.D<\/strong> n\u00eb Shkenca Morale dhe Sociale.<\/p>\n\n\n\n<p>Ai filloi karrier\u00ebn e tij si gazetar n\u00eb <strong>Z\u00ebri Republikan.<\/strong> P\u00ebr 25 vjet ai punoi n\u00eb <strong>RAI<\/strong>. Ishte n\u00eb Gazet\u00ebn e Radios <strong>gazetare politike<\/strong>, i d\u00ebrguar n\u00eb Parlament.<\/p>\n\n\n\n<p>ishte <strong>z\u00ebvend\u00ebsdrejtor i Tg1 dhe Tg2<\/strong>, <strong>korrespondent special <\/strong>duke ndjekur <strong>President i Republik\u00ebs<\/strong>. ishte <strong>shefi i shtabit<\/strong> e <strong>Presidenti i Rai<\/strong>. Prej 7 vitesh ai drejtoi Zyr\u00ebn e Marr\u00ebdh\u00ebnieve Institucionale n\u00eb Rai dhe p\u00ebr 9 vjet <strong>Drejtor i marr\u00ebdh\u00ebnieve institucionale <\/strong>t\u00eb grupit sigurime-financiar-bankar <strong>Allianz.<\/strong><\/p>\n\n\n\n<p>Ai ka bashk\u00ebpunuar me shum\u00eb revista dhe nga viti 2020 deri n\u00eb vitin 2023 ka qen\u00eb <strong>Drejtori<\/strong> t\u00eb gazet\u00ebs s\u00eb p\u00ebrditshme <strong>Diskutimi<\/strong>, themeluar nga <strong>Alcide De Gasperi<\/strong> nj\u00eb nga baballar\u00ebt e Republik\u00ebs s\u00eb lir\u00eb dhe demokratike t\u00eb Italis\u00eb.<\/p>\n\n\n\n<p>Ka mbajtur kurse, si profesor me kontrat\u00eb, n\u00eb universitete <strong>Luiss, La Sapienza, Tor Vergata, Iulm.<\/strong><\/p>\n\n\n\n<p>Ai ishte bashk\u00ebdrejtor i <strong>Shkolla e Gazetaris\u00eb<\/strong> e Luiss.<\/p>\n\n\n\n<p>Ai themeloi t\u00eb vetmen shoqat\u00eb t\u00eb lobist\u00ebve italian\u00eb <strong>The Cloister - transparenca dhe profesionalizmi i lobeve <\/strong>kryetar i t\u00eb cilit \u00ebsht\u00eb p\u00ebrjet\u00eb<\/p>\n\n\n\n<p>Ai themeloi rrjetin e vet\u00ebm t\u00eb shoqatave t\u00eb lobist\u00ebve evropian\u00eb <strong>Komuniteti i \u00c7\u00ebshtjeve Publike t\u00eb Evrop\u00ebs (PACE)<\/strong> kryetar i t\u00eb cilit \u00ebsht\u00eb p\u00ebrjet\u00eb.<\/p>\n\n\n\n<p>Ai ka shkruar rreth dhjet\u00eb ese dhe manuale mbi gazetarin\u00eb transmetuese dhe lobimin t\u00eb miratuara n\u00eb kurse universitare.<\/p>\n\n\n\n<p><\/p>\n\n\n\n<p>Lidhu me Giuseppe Mazzei n\u00eb <a href=\"https:\/\/www.linkedin.com\/in\/giuseppe-mazzei-825113328\/\" target=\"_blank\" rel=\"noreferrer noopener nofollow\">LinkedIN<\/a> <\/p>\n\n\n\n<ul class=\"wp-block-social-links alignleft is-content-justification-left is-layout-flex wp-container-core-social-links-is-layout-fdcfc74e wp-block-social-links-is-layout-flex\"><li class=\"wp-social-link wp-social-link-linkedin  wp-block-social-link\"><a href=\"https:\/\/www.linkedin.com\/in\/giuseppe-mazzei-825113328\/\" class=\"wp-block-social-link-anchor\"><svg width=\"24\" height=\"24\" viewbox=\"0 0 24 24\" version=\"1.1\" xmlns=\"http:\/\/www.w3.org\/2000\/svg\" aria-hidden=\"true\" focusable=\"false\"><path d=\"M19.7,3H4.3C3.582,3,3,3.582,3,4.3v15.4C3,20.418,3.582,21,4.3,21h15.4c0.718,0,1.3-0.582,1.3-1.3V4.3 C21,3.582,20.418,3,19.7,3z M8.339,18.338H5.667v-8.59h2.672V18.338z M7.004,8.574c-0.857,0-1.549-0.694-1.549-1.548 c0-0.855,0.691-1.548,1.549-1.548c0.854,0,1.547,0.694,1.547,1.548C8.551,7.881,7.858,8.574,7.004,8.574z M18.339,18.338h-2.669 v-4.177c0-0.996-0.017-2.278-1.387-2.278c-1.389,0-1.601,1.086-1.601,2.206v4.249h-2.667v-8.59h2.559v1.174h0.037 c0.356-0.675,1.227-1.387,2.526-1.387c2.703,0,3.203,1.779,3.203,4.092V18.338z\"><\/path><\/svg><span class=\"wp-block-social-link-label screen-reader-text\">LinkedIn<\/span><\/a><\/li><\/ul>","protected":false},"excerpt":{"rendered":"<p>Giuseppe Mazzei \u00e8 il proprietario di Mazzei GlobAl.&nbsp; \u00c8 editore e direttore di Albanitaly E&#8217; nato a Rotondella ,in provincia di Matera, nella regione Basilicata. Vive a&nbsp; Durazzo Ha studiato Teologia alla Pontificia Universit\u00e0 Gregoriana di Roma e si \u00e8 laureato in Filosofia con una tesi su Karl Popper all&#8217;Universit\u00e0 di Roma-La Sapienza. Nella stessa [&hellip;]<\/p>\n","protected":false},"author":2,"featured_media":5418,"parent":0,"menu_order":0,"comment_status":"closed","ping_status":"closed","template":"","meta":{"_seopress_robots_primary_cat":"","_seopress_titles_title":"","_seopress_titles_desc":"","_seopress_robots_index":"","iawp_total_views":403,"footnotes":""},"class_list":["post-5397","page","type-page","status-publish","has-post-thumbnail","hentry"],"_links":{"self":[{"href":"https:\/\/albanitaly.al\/sq\/wp-json\/wp\/v2\/pages\/5397","targetHints":{"allow":["GET"]}}],"collection":[{"href":"https:\/\/albanitaly.al\/sq\/wp-json\/wp\/v2\/pages"}],"about":[{"href":"https:\/\/albanitaly.al\/sq\/wp-json\/wp\/v2\/types\/page"}],"author":[{"embeddable":true,"href":"https:\/\/albanitaly.al\/sq\/wp-json\/wp\/v2\/users\/2"}],"replies":[{"embeddable":true,"href":"https:\/\/albanitaly.al\/sq\/wp-json\/wp\/v2\/comments?post=5397"}],"version-history":[{"count":3,"href":"https:\/\/albanitaly.al\/sq\/wp-json\/wp\/v2\/pages\/5397\/revisions"}],"predecessor-version":[{"id":5879,"href":"https:\/\/albanitaly.al\/sq\/wp-json\/wp\/v2\/pages\/5397\/revisions\/5879"}],"wp:featuredmedia":[{"embeddable":true,"href":"https:\/\/albanitaly.al\/sq\/wp-json\/wp\/v2\/media\/5418"}],"wp:attachment":[{"href":"https:\/\/albanitaly.al\/sq\/wp-json\/wp\/v2\/media?parent=5397"}],"curies":[{"name":"wp","href":"https:\/\/api.w.org\/{rel}","templated":true}]}}