{"id":5404,"date":"2024-07-27T21:21:49","date_gmt":"2024-07-27T21:21:49","guid":{"rendered":"https:\/\/albanitaly.al\/?page_id=5404"},"modified":"2024-07-27T21:41:07","modified_gmt":"2024-07-27T21:41:07","slug":"ne-shqiperi","status":"publish","type":"page","link":"https:\/\/albanitaly.al\/sq\/albanitaly\/","title":{"rendered":"SHQIPTARIA"},"content":{"rendered":"<div data-elementor-type=\"wp-page\" data-elementor-id=\"5404\" class=\"elementor elementor-5404\">\n\t\t\t\t\t\t<section class=\"elementor-section elementor-top-section elementor-element elementor-element-22cf676 elementor-section-boxed elementor-section-height-default elementor-section-height-default\" data-id=\"22cf676\" data-element_type=\"section\" data-e-type=\"section\">\n\t\t\t\t\t\t<div class=\"elementor-container elementor-column-gap-default\">\n\t\t\t\t\t<div class=\"elementor-column elementor-col-100 elementor-top-column elementor-element elementor-element-351ff54d\" data-id=\"351ff54d\" data-element_type=\"column\" data-e-type=\"column\">\n\t\t\t<div class=\"elementor-widget-wrap elementor-element-populated\">\n\t\t\t\t\t\t<div class=\"elementor-element elementor-element-3d40bcb3 elementor-widget elementor-widget-text-editor\" data-id=\"3d40bcb3\" data-element_type=\"widget\" data-e-type=\"widget\" data-widget_type=\"text-editor.default\">\n\t\t\t\t<div class=\"elementor-widget-container\">\n\t\t\t\t\t\t\t\t\t\n<p>Albanitaly \u00ebsht\u00eb nj\u00eb portal lajmesh n\u00eb internet n\u00eb pron\u00ebsi t\u00eb kompanis\u00eb Mazzei GlobAl.<\/p>\n\n\n\n<p>Synimi i saj \u00ebsht\u00eb t\u00eb p\u00ebrmir\u00ebsoj\u00eb njohjen e nd\u00ebrsjell\u00eb t\u00eb Shqip\u00ebris\u00eb dhe Italis\u00eb, dy shtete dhe dy popuj t\u00eb af\u00ebrt jo vet\u00ebm gjeografikisht, t\u00eb lidhur me miq\u00ebsi t\u00eb thell\u00eb dhe t\u00eb bashkuar nga fati evropian dhe ndarja e vlerave mbi t\u00eb cilat bazohet qytet\u00ebrimi per\u00ebndimor.<\/p>\n\n\n\n<p>Albanitaly nuk \u00ebsht\u00eb nj\u00eb organ sht\u00ebpie, por nj\u00eb mjet informimi dhe i thelluar, totalisht i pavarur nga \u00e7do formacion politik, q\u00eb respekton institucionet shqiptare dhe italiane dhe dinamik\u00ebn politike t\u00eb dy vendeve.<\/p>\n\n\n\n<p>\u00cbsht\u00eb konceptuar dhe krijuar si produkt gazetaresk.<\/p>\n\n\n\n<p>Ai publikon lajme, investigime, intervista dhe komente p\u00ebr tema dhe njer\u00ebz nga t\u00eb dy vendet, duke treguar gjithashtu histori suksesi dhe jete t\u00eb thjesht\u00eb.<\/p>\n\n\n\n<p>Portali d\u00ebshiron t&#039;u jap\u00eb z\u00eb atyre n\u00eb Itali dhe Shqip\u00ebri q\u00eb punojn\u00eb p\u00ebr t\u00eb krijuar vlera n\u00eb t\u00eb dy vendet me aktivitete sip\u00ebrmarr\u00ebse, iniciativa sociale dhe kulturore.<\/p>\n\n\n\n<p>Krijuesi dhe regjisori i Albanitaly \u00ebsht\u00eb Giuseppe Mazzei.&nbsp;<\/p>\n\t\t\t\t\t\t\t\t<\/div>\n\t\t\t\t<\/div>\n\t\t\t\t<div class=\"elementor-element elementor-element-d2fc4df elementor-widget elementor-widget-image\" data-id=\"d2fc4df\" data-element_type=\"widget\" data-e-type=\"widget\" data-widget_type=\"image.default\">\n\t\t\t\t<div class=\"elementor-widget-container\">\n\t\t\t\t\t\t\t\t\t\t\t\t\t\t\t<img fetchpriority=\"high\" decoding=\"async\" width=\"779\" height=\"1024\" src=\"https:\/\/albanitaly.al\/wp-content\/uploads\/2024\/07\/LOGO-con-1-1-779x1024.jpg\" class=\"attachment-large size-large wp-image-5426\" alt=\"\" srcset=\"https:\/\/albanitaly.al\/wp-content\/uploads\/2024\/07\/LOGO-con-1-1-779x1024.jpg 779w, https:\/\/albanitaly.al\/wp-content\/uploads\/2024\/07\/LOGO-con-1-1-228x300.jpg 228w, https:\/\/albanitaly.al\/wp-content\/uploads\/2024\/07\/LOGO-con-1-1-768x1010.jpg 768w, https:\/\/albanitaly.al\/wp-content\/uploads\/2024\/07\/LOGO-con-1-1-9x12.jpg 9w, https:\/\/albanitaly.al\/wp-content\/uploads\/2024\/07\/LOGO-con-1-1-600x789.jpg 600w, https:\/\/albanitaly.al\/wp-content\/uploads\/2024\/07\/LOGO-con-1-1.jpg 1075w\" sizes=\"(max-width: 779px) 100vw, 779px\" \/>\t\t\t\t\t\t\t\t\t\t\t\t\t\t\t<\/div>\n\t\t\t\t<\/div>\n\t\t\t\t\t<\/div>\n\t\t<\/div>\n\t\t\t\t\t<\/div>\n\t\t<\/section>\n\t\t\t\t<\/div>","protected":false},"excerpt":{"rendered":"<p>Albanitaly \u00e8 un portale news online di propriet\u00e0 della societ\u00e0 Mazzei GlobAl. Il suo&nbsp; scopo \u00e8 migliorare la reciproca conoscenza &nbsp;dell\u2019Albania e dell\u2019Italia, due Stati e due popoli vicini non solo geograficamente, legati da profonda amicizia e accomunati dal destino europeo e dalla condivisione dei valori su cui basa la civilt\u00e0 dell\u2019Occidente. Albanitaly non \u00e8 [&hellip;]<\/p>\n","protected":false},"author":2,"featured_media":0,"parent":0,"menu_order":0,"comment_status":"closed","ping_status":"closed","template":"","meta":{"_seopress_robots_primary_cat":"","_seopress_titles_title":"","_seopress_titles_desc":"","_seopress_robots_index":"","iawp_total_views":233,"footnotes":""},"class_list":["post-5404","page","type-page","status-publish","hentry"],"_links":{"self":[{"href":"https:\/\/albanitaly.al\/sq\/wp-json\/wp\/v2\/pages\/5404","targetHints":{"allow":["GET"]}}],"collection":[{"href":"https:\/\/albanitaly.al\/sq\/wp-json\/wp\/v2\/pages"}],"about":[{"href":"https:\/\/albanitaly.al\/sq\/wp-json\/wp\/v2\/types\/page"}],"author":[{"embeddable":true,"href":"https:\/\/albanitaly.al\/sq\/wp-json\/wp\/v2\/users\/2"}],"replies":[{"embeddable":true,"href":"https:\/\/albanitaly.al\/sq\/wp-json\/wp\/v2\/comments?post=5404"}],"version-history":[{"count":4,"href":"https:\/\/albanitaly.al\/sq\/wp-json\/wp\/v2\/pages\/5404\/revisions"}],"predecessor-version":[{"id":5429,"href":"https:\/\/albanitaly.al\/sq\/wp-json\/wp\/v2\/pages\/5404\/revisions\/5429"}],"wp:attachment":[{"href":"https:\/\/albanitaly.al\/sq\/wp-json\/wp\/v2\/media?parent=5404"}],"curies":[{"name":"wp","href":"https:\/\/api.w.org\/{rel}","templated":true}]}}